{"id":1908,"date":"2016-12-08T11:55:51","date_gmt":"2016-12-08T09:55:51","guid":{"rendered":"http:\/\/www.gurkangenc.com\/beta\/en\/gg-egitimburs-tr\/"},"modified":"2017-10-20T16:50:16","modified_gmt":"2017-10-20T13:50:16","slug":"gurkan-genc-education-scholarship","status":"publish","type":"page","link":"https:\/\/gurkangenc.com\/en\/gurkan-genc-education-scholarship\/","title":{"rendered":"G\u00fcrkan Gen\u00e7 Education Scholarship"},"content":{"rendered":"<p>While he was travelling the world for himself, Gurkan Genc has established Foreign Language Study Scholarship for the young people, who want to learn foreign language and want to go abroad, for the purpose of being part of their dreams.<\/p>\n<p>G\u00fcrkan Gen\u00e7 Foreign Language Study Scholarship is for one year.<\/p>\n<p>Annual 120 hours of English language training<\/p>\n<p>6 or 9 hours of programs per week<\/p>\n<p><strong>The cities and the institutions where G\u00fcrkan Gen\u00e7 Foreign Language Study Scholarship will be given:<\/strong><\/p>\n<ul>\n<li>Ankara Merkez &nbsp;\u2013 T\u00fcrk Amerikan Derne\u011fi ( http:\/\/www.taa-ankara.org.tr )<\/li>\n<li>Ankara Bah\u00e7elievler \u2013 T\u00fcrk Amerikan Derne\u011fi ( http:\/\/www.taa-bahcelievler.com )<\/li>\n<li>Ankara Etimesgut \u2013 T\u00fcrk Amerikan Derne\u011fi ( http:\/\/www.taa-etimesgut.com )<\/li>\n<li>Ankara \u00c7ayyolu \u2013 T\u00fcrk Amerikan Derne\u011fi ( http:\/\/www.taa-cayyolu.com )<\/li>\n<li>Ankara Ke\u00e7i\u00f6ren \u2013 T\u00fcrk Amerikan Derne\u011fi ( http:\/\/www.taa-kecioren.com )<\/li>\n<li>Antalya \u2013 T\u00fcrk Amerikan Derne\u011fi ( http:\/\/www.taa-antalya.com )<\/li>\n<li>\u0130zmir Buca \u2013 T\u00fcrk Amerikan Derne\u011fi ( http:\/\/www.taa-buca.com )<\/li>\n<li>\u0130zmir \u00c7ankaya \u2013 American Academy ( http:\/\/www.americanacademy-tad.com )<\/li>\n<li>Manisa \u2013 American Academy<\/li>\n<\/ul>\n<p><strong>How Does G\u00fcrkan Genc Foreign Language Study Scholarship work? &nbsp;<\/strong><\/p>\n<p>Young people between the ages of 14 to 24 years can only use G\u00fcrkan Genc Foreign Language Study Scholarship<\/p>\n<p>G\u00fcrkan Gen\u00e7, will be asking questions about his Turkey to Japan Tour and World Tour at general articles section at his web page, &nbsp;\u201cwww.gurkangenc.com \u201c.<\/p>\n<p>He will not be publishing any news at Facebook or Twitter about these questions.<\/p>\n<p>A raffle will take place 6 hours after questions published. (Time is short as I am on the world tour and I got to do the ruffle own my own)<\/p>\n<p>Scholarship winner young friend, must sent his\/her residence information to the lawyer P\u0131nar Koca\u2019 email address which was given at team section, within 3 days after his\/her name published as winner.<\/p>\n<p>&nbsp;G\u00fcrkan Gen\u00e7 Foreign Language Study Scholarshipis limited to the cities mentioned above for now and at the beginning of the questions asked, it will be established, from which institution of the city the scholarship will be given. The person who resides in other cities and answers the question right cannot get the scholarship.<\/p>\n<p>Answers of the questions should be sent to <a href=\"mailto:demiratliadam@gmail.com\">demiratliadam[at]gmail.com<\/a>, email address and winner will be replied from the same email address.<\/p>\n<hr>\n<p><em><strong>Yours Sincerely,<\/strong><\/em><\/p>\n<p><em><strong>G\u00fcrkan GEN\u00c7<\/strong><\/em><\/p>\n","protected":false},"excerpt":{"rendered":"<p>While he was travelling the world for himself, Gurkan Genc has established Foreign Language Study Scholarship for the young people, who want to learn foreign language and want to go abroad, for the purpose of being part of their dreams. G\u00fcrkan Gen\u00e7 Foreign Language Study Scholarship is for one year. Annual 120 hours of English [&hellip;]<\/p>\n","protected":false},"author":1,"featured_media":0,"parent":0,"menu_order":0,"comment_status":"open","ping_status":"open","template":"","meta":{"footnotes":""},"class_list":["post-1908","page","type-page","status-publish","hentry"],"yoast_head":"<!-- This site is optimized with the Yoast SEO plugin v25.0 - https:\/\/yoast.com\/wordpress\/plugins\/seo\/ -->\n<title>G\u00fcrkan Gen\u00e7 Education Scholarship &#8211; G\u00fcrkan Gen\u00e7<\/title>\n<meta name=\"robots\" content=\"index, follow, max-snippet:-1, max-image-preview:large, max-video-preview:-1\" \/>\n<link rel=\"canonical\" href=\"https:\/\/gurkangenc.com\/en\/gurkan-genc-education-scholarship\/\" \/>\n<meta property=\"og:locale\" content=\"en_US\" \/>\n<meta property=\"og:type\" content=\"article\" \/>\n<meta property=\"og:title\" content=\"G\u00fcrkan Gen\u00e7 Education Scholarship &#8211; G\u00fcrkan Gen\u00e7\" \/>\n<meta property=\"og:description\" content=\"While he was travelling the world for himself, Gurkan Genc has established Foreign Language Study Scholarship for the young people, who want to learn foreign language and want to go abroad, for the purpose of being part of their dreams. G\u00fcrkan Gen\u00e7 Foreign Language Study Scholarship is for one year. Annual 120 hours of English [&hellip;]\" \/>\n<meta property=\"og:url\" content=\"https:\/\/gurkangenc.com\/en\/gurkan-genc-education-scholarship\/\" \/>\n<meta property=\"og:site_name\" content=\"G\u00fcrkan Gen\u00e7\" \/>\n<meta property=\"article:publisher\" content=\"https:\/\/www.facebook.com\/GurkanGENCpedallaR\" \/>\n<meta property=\"article:modified_time\" content=\"2017-10-20T13:50:16+00:00\" \/>\n<meta name=\"twitter:card\" content=\"summary_large_image\" \/>\n<meta name=\"twitter:site\" content=\"@Gurkan_Genc\" \/>\n<meta name=\"twitter:label1\" content=\"Est. reading time\" \/>\n\t<meta name=\"twitter:data1\" content=\"2 minutes\" \/>\n<script type=\"application\/ld+json\" class=\"yoast-schema-graph\">{\"@context\":\"https:\/\/schema.org\",\"@graph\":[{\"@type\":\"WebPage\",\"@id\":\"https:\/\/gurkangenc.com\/en\/gurkan-genc-education-scholarship\/\",\"url\":\"https:\/\/gurkangenc.com\/en\/gurkan-genc-education-scholarship\/\",\"name\":\"G\u00fcrkan Gen\u00e7 Education Scholarship &#8211; G\u00fcrkan Gen\u00e7\",\"isPartOf\":{\"@id\":\"https:\/\/gurkangenc.com\/#website\"},\"datePublished\":\"2016-12-08T09:55:51+00:00\",\"dateModified\":\"2017-10-20T13:50:16+00:00\",\"breadcrumb\":{\"@id\":\"https:\/\/gurkangenc.com\/en\/gurkan-genc-education-scholarship\/#breadcrumb\"},\"inLanguage\":\"en-US\",\"potentialAction\":[{\"@type\":\"ReadAction\",\"target\":[\"https:\/\/gurkangenc.com\/en\/gurkan-genc-education-scholarship\/\"]}]},{\"@type\":\"BreadcrumbList\",\"@id\":\"https:\/\/gurkangenc.com\/en\/gurkan-genc-education-scholarship\/#breadcrumb\",\"itemListElement\":[{\"@type\":\"ListItem\",\"position\":1,\"name\":\"Ana sayfa\",\"item\":\"https:\/\/gurkangenc.com\/en\/\"},{\"@type\":\"ListItem\",\"position\":2,\"name\":\"G\u00fcrkan Gen\u00e7 Education Scholarship\"}]},{\"@type\":\"WebSite\",\"@id\":\"https:\/\/gurkangenc.com\/#website\",\"url\":\"https:\/\/gurkangenc.com\/\",\"name\":\"G\u00fcrkan Gen\u00e7\",\"description\":\"Demir Atl\u0131 Adam\",\"publisher\":{\"@id\":\"https:\/\/gurkangenc.com\/#\/schema\/person\/47c3b4227935c2742b741a354cb65e4d\"},\"potentialAction\":[{\"@type\":\"SearchAction\",\"target\":{\"@type\":\"EntryPoint\",\"urlTemplate\":\"https:\/\/gurkangenc.com\/?s={search_term_string}\"},\"query-input\":{\"@type\":\"PropertyValueSpecification\",\"valueRequired\":true,\"valueName\":\"search_term_string\"}}],\"inLanguage\":\"en-US\"},{\"@type\":[\"Person\",\"Organization\"],\"@id\":\"https:\/\/gurkangenc.com\/#\/schema\/person\/47c3b4227935c2742b741a354cb65e4d\",\"name\":\"G\u00fcrkan Gen\u00e7\",\"image\":{\"@type\":\"ImageObject\",\"inLanguage\":\"en-US\",\"@id\":\"https:\/\/gurkangenc.com\/#\/schema\/person\/image\/\",\"url\":\"https:\/\/gurkangenc.com\/wp-content\/uploads\/2017\/02\/gglogo.png\",\"contentUrl\":\"https:\/\/gurkangenc.com\/wp-content\/uploads\/2017\/02\/gglogo.png\",\"width\":208,\"height\":29,\"caption\":\"G\u00fcrkan Gen\u00e7\"},\"logo\":{\"@id\":\"https:\/\/gurkangenc.com\/#\/schema\/person\/image\/\"},\"description\":\"Bisikleti ile uluslararas\u0131 geziler yapan, macerac\u0131, blog yazar\u0131 , amat\u00f6r foto\u011fraf\u00e7\u0131, konu\u015fmac\u0131, giri\u015fimci gezgin.\",\"sameAs\":[\"http:\/\/www.gurkangenc.com\",\"https:\/\/www.facebook.com\/GurkanGENCpedallaR\",\"https:\/\/www.instagram.com\/gurkangencc\/\",\"https:\/\/x.com\/https:\/\/twitter.com\/Gurkan_Genc\",\"https:\/\/www.youtube.com\/user\/Atomicgmac\"]}]}<\/script>\n<!-- \/ Yoast SEO plugin. -->","yoast_head_json":{"title":"G\u00fcrkan Gen\u00e7 Education Scholarship &#8211; G\u00fcrkan Gen\u00e7","robots":{"index":"index","follow":"follow","max-snippet":"max-snippet:-1","max-image-preview":"max-image-preview:large","max-video-preview":"max-video-preview:-1"},"canonical":"https:\/\/gurkangenc.com\/en\/gurkan-genc-education-scholarship\/","og_locale":"en_US","og_type":"article","og_title":"G\u00fcrkan Gen\u00e7 Education Scholarship &#8211; G\u00fcrkan Gen\u00e7","og_description":"While he was travelling the world for himself, Gurkan Genc has established Foreign Language Study Scholarship for the young people, who want to learn foreign language and want to go abroad, for the purpose of being part of their dreams. G\u00fcrkan Gen\u00e7 Foreign Language Study Scholarship is for one year. Annual 120 hours of English [&hellip;]","og_url":"https:\/\/gurkangenc.com\/en\/gurkan-genc-education-scholarship\/","og_site_name":"G\u00fcrkan Gen\u00e7","article_publisher":"https:\/\/www.facebook.com\/GurkanGENCpedallaR","article_modified_time":"2017-10-20T13:50:16+00:00","twitter_card":"summary_large_image","twitter_site":"@Gurkan_Genc","twitter_misc":{"Est. reading time":"2 minutes"},"schema":{"@context":"https:\/\/schema.org","@graph":[{"@type":"WebPage","@id":"https:\/\/gurkangenc.com\/en\/gurkan-genc-education-scholarship\/","url":"https:\/\/gurkangenc.com\/en\/gurkan-genc-education-scholarship\/","name":"G\u00fcrkan Gen\u00e7 Education Scholarship &#8211; G\u00fcrkan Gen\u00e7","isPartOf":{"@id":"https:\/\/gurkangenc.com\/#website"},"datePublished":"2016-12-08T09:55:51+00:00","dateModified":"2017-10-20T13:50:16+00:00","breadcrumb":{"@id":"https:\/\/gurkangenc.com\/en\/gurkan-genc-education-scholarship\/#breadcrumb"},"inLanguage":"en-US","potentialAction":[{"@type":"ReadAction","target":["https:\/\/gurkangenc.com\/en\/gurkan-genc-education-scholarship\/"]}]},{"@type":"BreadcrumbList","@id":"https:\/\/gurkangenc.com\/en\/gurkan-genc-education-scholarship\/#breadcrumb","itemListElement":[{"@type":"ListItem","position":1,"name":"Ana sayfa","item":"https:\/\/gurkangenc.com\/en\/"},{"@type":"ListItem","position":2,"name":"G\u00fcrkan Gen\u00e7 Education Scholarship"}]},{"@type":"WebSite","@id":"https:\/\/gurkangenc.com\/#website","url":"https:\/\/gurkangenc.com\/","name":"G\u00fcrkan Gen\u00e7","description":"Demir Atl\u0131 Adam","publisher":{"@id":"https:\/\/gurkangenc.com\/#\/schema\/person\/47c3b4227935c2742b741a354cb65e4d"},"potentialAction":[{"@type":"SearchAction","target":{"@type":"EntryPoint","urlTemplate":"https:\/\/gurkangenc.com\/?s={search_term_string}"},"query-input":{"@type":"PropertyValueSpecification","valueRequired":true,"valueName":"search_term_string"}}],"inLanguage":"en-US"},{"@type":["Person","Organization"],"@id":"https:\/\/gurkangenc.com\/#\/schema\/person\/47c3b4227935c2742b741a354cb65e4d","name":"G\u00fcrkan Gen\u00e7","image":{"@type":"ImageObject","inLanguage":"en-US","@id":"https:\/\/gurkangenc.com\/#\/schema\/person\/image\/","url":"https:\/\/gurkangenc.com\/wp-content\/uploads\/2017\/02\/gglogo.png","contentUrl":"https:\/\/gurkangenc.com\/wp-content\/uploads\/2017\/02\/gglogo.png","width":208,"height":29,"caption":"G\u00fcrkan Gen\u00e7"},"logo":{"@id":"https:\/\/gurkangenc.com\/#\/schema\/person\/image\/"},"description":"Bisikleti ile uluslararas\u0131 geziler yapan, macerac\u0131, blog yazar\u0131 , amat\u00f6r foto\u011fraf\u00e7\u0131, konu\u015fmac\u0131, giri\u015fimci gezgin.","sameAs":["http:\/\/www.gurkangenc.com","https:\/\/www.facebook.com\/GurkanGENCpedallaR","https:\/\/www.instagram.com\/gurkangencc\/","https:\/\/x.com\/https:\/\/twitter.com\/Gurkan_Genc","https:\/\/www.youtube.com\/user\/Atomicgmac"]}]}},"_links":{"self":[{"href":"https:\/\/gurkangenc.com\/en\/wp-json\/wp\/v2\/pages\/1908","targetHints":{"allow":["GET"]}}],"collection":[{"href":"https:\/\/gurkangenc.com\/en\/wp-json\/wp\/v2\/pages"}],"about":[{"href":"https:\/\/gurkangenc.com\/en\/wp-json\/wp\/v2\/types\/page"}],"author":[{"embeddable":true,"href":"https:\/\/gurkangenc.com\/en\/wp-json\/wp\/v2\/users\/1"}],"replies":[{"embeddable":true,"href":"https:\/\/gurkangenc.com\/en\/wp-json\/wp\/v2\/comments?post=1908"}],"version-history":[{"count":12,"href":"https:\/\/gurkangenc.com\/en\/wp-json\/wp\/v2\/pages\/1908\/revisions"}],"predecessor-version":[{"id":28633,"href":"https:\/\/gurkangenc.com\/en\/wp-json\/wp\/v2\/pages\/1908\/revisions\/28633"}],"wp:attachment":[{"href":"https:\/\/gurkangenc.com\/en\/wp-json\/wp\/v2\/media?parent=1908"}],"curies":[{"name":"wp","href":"https:\/\/api.w.org\/{rel}","templated":true}]}}