{"id":47735,"date":"2018-05-16T04:34:58","date_gmt":"2018-05-16T01:34:58","guid":{"rendered":"https:\/\/www.gurkangenc.com\/?page_id=47735"},"modified":"2018-05-16T04:34:58","modified_gmt":"2018-05-16T01:34:58","slug":"podcasts","status":"publish","type":"page","link":"https:\/\/gurkangenc.com\/en\/podcasts\/","title":{"rendered":"Podcasts"},"content":{"rendered":"<p>&nbsp;<\/p>\n<p><iframe loading=\"lazy\" title=\"Kuyusu suyu ile gelen bol \u015fekerli \u00e7aylar by Gurkan Genc\" width=\"1080\" height=\"400\" scrolling=\"no\" frameborder=\"no\" src=\"https:\/\/w.soundcloud.com\/player\/?visual=true&#038;url=https%3A%2F%2Fapi.soundcloud.com%2Ftracks%2F152483241&#038;show_artwork=true&#038;maxwidth=1080&#038;maxheight=1000&#038;dnt=1\"><\/iframe><\/p>\n<p>&nbsp;<\/p>\n<p><iframe loading=\"lazy\" title=\"Suudi Arabistan 3 by Gurkan Genc\" width=\"1080\" height=\"400\" scrolling=\"no\" frameborder=\"no\" src=\"https:\/\/w.soundcloud.com\/player\/?visual=true&#038;url=https%3A%2F%2Fapi.soundcloud.com%2Ftracks%2F217871059&#038;show_artwork=true&#038;maxwidth=1080&#038;maxheight=1000&#038;dnt=1\"><\/iframe><\/p>\n<p>&nbsp;<\/p>\n<p><iframe loading=\"lazy\" title=\"Suudi Arabistan2.MP3 by Gurkan Genc\" width=\"1080\" height=\"400\" scrolling=\"no\" frameborder=\"no\" src=\"https:\/\/w.soundcloud.com\/player\/?visual=true&#038;url=https%3A%2F%2Fapi.soundcloud.com%2Ftracks%2F217186192&#038;show_artwork=true&#038;maxwidth=1080&#038;maxheight=1000&#038;dnt=1\"><\/iframe><\/p>\n<p>&nbsp;<\/p>\n<p><iframe loading=\"lazy\" title=\"Suudi Arabistan 1 by Gurkan Genc\" width=\"1080\" height=\"400\" scrolling=\"no\" frameborder=\"no\" src=\"https:\/\/w.soundcloud.com\/player\/?visual=true&#038;url=https%3A%2F%2Fapi.soundcloud.com%2Ftracks%2F216884148&#038;show_artwork=true&#038;maxwidth=1080&#038;maxheight=1000&#038;dnt=1\"><\/iframe><\/p>\n<p>&nbsp;<\/p>\n","protected":false},"excerpt":{"rendered":"<p>&nbsp; &nbsp; &nbsp; &nbsp; &nbsp;<\/p>\n","protected":false},"author":1,"featured_media":0,"parent":0,"menu_order":0,"comment_status":"open","ping_status":"open","template":"","meta":{"footnotes":""},"class_list":["post-47735","page","type-page","status-publish","hentry"],"yoast_head":"<!-- This site is optimized with the Yoast SEO plugin v25.0 - https:\/\/yoast.com\/wordpress\/plugins\/seo\/ -->\n<title>Podcasts &#8211; G\u00fcrkan Gen\u00e7<\/title>\n<meta name=\"robots\" content=\"index, follow, max-snippet:-1, max-image-preview:large, max-video-preview:-1\" \/>\n<link rel=\"canonical\" href=\"https:\/\/gurkangenc.com\/en\/podcasts\/\" \/>\n<meta property=\"og:locale\" content=\"en_US\" \/>\n<meta property=\"og:type\" content=\"article\" \/>\n<meta property=\"og:title\" content=\"Podcasts &#8211; G\u00fcrkan Gen\u00e7\" \/>\n<meta property=\"og:description\" content=\"&nbsp; &nbsp; &nbsp; &nbsp; &nbsp;\" \/>\n<meta property=\"og:url\" content=\"https:\/\/gurkangenc.com\/en\/podcasts\/\" \/>\n<meta property=\"og:site_name\" content=\"G\u00fcrkan Gen\u00e7\" \/>\n<meta property=\"article:publisher\" content=\"https:\/\/www.facebook.com\/GurkanGENCpedallaR\" \/>\n<meta name=\"twitter:card\" content=\"summary_large_image\" \/>\n<meta name=\"twitter:site\" content=\"@Gurkan_Genc\" \/>\n<script type=\"application\/ld+json\" class=\"yoast-schema-graph\">{\"@context\":\"https:\/\/schema.org\",\"@graph\":[{\"@type\":\"WebPage\",\"@id\":\"https:\/\/gurkangenc.com\/en\/podcasts\/\",\"url\":\"https:\/\/gurkangenc.com\/en\/podcasts\/\",\"name\":\"Podcasts &#8211; G\u00fcrkan Gen\u00e7\",\"isPartOf\":{\"@id\":\"https:\/\/gurkangenc.com\/#website\"},\"datePublished\":\"2018-05-16T01:34:58+00:00\",\"breadcrumb\":{\"@id\":\"https:\/\/gurkangenc.com\/en\/podcasts\/#breadcrumb\"},\"inLanguage\":\"en-US\",\"potentialAction\":[{\"@type\":\"ReadAction\",\"target\":[\"https:\/\/gurkangenc.com\/en\/podcasts\/\"]}]},{\"@type\":\"BreadcrumbList\",\"@id\":\"https:\/\/gurkangenc.com\/en\/podcasts\/#breadcrumb\",\"itemListElement\":[{\"@type\":\"ListItem\",\"position\":1,\"name\":\"Ana sayfa\",\"item\":\"https:\/\/gurkangenc.com\/en\/\"},{\"@type\":\"ListItem\",\"position\":2,\"name\":\"Podcasts\"}]},{\"@type\":\"WebSite\",\"@id\":\"https:\/\/gurkangenc.com\/#website\",\"url\":\"https:\/\/gurkangenc.com\/\",\"name\":\"G\u00fcrkan Gen\u00e7\",\"description\":\"Demir Atl\u0131 Adam\",\"publisher\":{\"@id\":\"https:\/\/gurkangenc.com\/#\/schema\/person\/47c3b4227935c2742b741a354cb65e4d\"},\"potentialAction\":[{\"@type\":\"SearchAction\",\"target\":{\"@type\":\"EntryPoint\",\"urlTemplate\":\"https:\/\/gurkangenc.com\/?s={search_term_string}\"},\"query-input\":{\"@type\":\"PropertyValueSpecification\",\"valueRequired\":true,\"valueName\":\"search_term_string\"}}],\"inLanguage\":\"en-US\"},{\"@type\":[\"Person\",\"Organization\"],\"@id\":\"https:\/\/gurkangenc.com\/#\/schema\/person\/47c3b4227935c2742b741a354cb65e4d\",\"name\":\"G\u00fcrkan Gen\u00e7\",\"image\":{\"@type\":\"ImageObject\",\"inLanguage\":\"en-US\",\"@id\":\"https:\/\/gurkangenc.com\/#\/schema\/person\/image\/\",\"url\":\"https:\/\/gurkangenc.com\/wp-content\/uploads\/2017\/02\/gglogo.png\",\"contentUrl\":\"https:\/\/gurkangenc.com\/wp-content\/uploads\/2017\/02\/gglogo.png\",\"width\":208,\"height\":29,\"caption\":\"G\u00fcrkan Gen\u00e7\"},\"logo\":{\"@id\":\"https:\/\/gurkangenc.com\/#\/schema\/person\/image\/\"},\"description\":\"Bisikleti ile uluslararas\u0131 geziler yapan, macerac\u0131, blog yazar\u0131 , amat\u00f6r foto\u011fraf\u00e7\u0131, konu\u015fmac\u0131, giri\u015fimci gezgin.\",\"sameAs\":[\"http:\/\/www.gurkangenc.com\",\"https:\/\/www.facebook.com\/GurkanGENCpedallaR\",\"https:\/\/www.instagram.com\/gurkangencc\/\",\"https:\/\/x.com\/https:\/\/twitter.com\/Gurkan_Genc\",\"https:\/\/www.youtube.com\/user\/Atomicgmac\"]}]}<\/script>\n<!-- \/ Yoast SEO plugin. -->","yoast_head_json":{"title":"Podcasts &#8211; G\u00fcrkan Gen\u00e7","robots":{"index":"index","follow":"follow","max-snippet":"max-snippet:-1","max-image-preview":"max-image-preview:large","max-video-preview":"max-video-preview:-1"},"canonical":"https:\/\/gurkangenc.com\/en\/podcasts\/","og_locale":"en_US","og_type":"article","og_title":"Podcasts &#8211; G\u00fcrkan Gen\u00e7","og_description":"&nbsp; &nbsp; &nbsp; &nbsp; &nbsp;","og_url":"https:\/\/gurkangenc.com\/en\/podcasts\/","og_site_name":"G\u00fcrkan Gen\u00e7","article_publisher":"https:\/\/www.facebook.com\/GurkanGENCpedallaR","twitter_card":"summary_large_image","twitter_site":"@Gurkan_Genc","schema":{"@context":"https:\/\/schema.org","@graph":[{"@type":"WebPage","@id":"https:\/\/gurkangenc.com\/en\/podcasts\/","url":"https:\/\/gurkangenc.com\/en\/podcasts\/","name":"Podcasts &#8211; G\u00fcrkan Gen\u00e7","isPartOf":{"@id":"https:\/\/gurkangenc.com\/#website"},"datePublished":"2018-05-16T01:34:58+00:00","breadcrumb":{"@id":"https:\/\/gurkangenc.com\/en\/podcasts\/#breadcrumb"},"inLanguage":"en-US","potentialAction":[{"@type":"ReadAction","target":["https:\/\/gurkangenc.com\/en\/podcasts\/"]}]},{"@type":"BreadcrumbList","@id":"https:\/\/gurkangenc.com\/en\/podcasts\/#breadcrumb","itemListElement":[{"@type":"ListItem","position":1,"name":"Ana sayfa","item":"https:\/\/gurkangenc.com\/en\/"},{"@type":"ListItem","position":2,"name":"Podcasts"}]},{"@type":"WebSite","@id":"https:\/\/gurkangenc.com\/#website","url":"https:\/\/gurkangenc.com\/","name":"G\u00fcrkan Gen\u00e7","description":"Demir Atl\u0131 Adam","publisher":{"@id":"https:\/\/gurkangenc.com\/#\/schema\/person\/47c3b4227935c2742b741a354cb65e4d"},"potentialAction":[{"@type":"SearchAction","target":{"@type":"EntryPoint","urlTemplate":"https:\/\/gurkangenc.com\/?s={search_term_string}"},"query-input":{"@type":"PropertyValueSpecification","valueRequired":true,"valueName":"search_term_string"}}],"inLanguage":"en-US"},{"@type":["Person","Organization"],"@id":"https:\/\/gurkangenc.com\/#\/schema\/person\/47c3b4227935c2742b741a354cb65e4d","name":"G\u00fcrkan Gen\u00e7","image":{"@type":"ImageObject","inLanguage":"en-US","@id":"https:\/\/gurkangenc.com\/#\/schema\/person\/image\/","url":"https:\/\/gurkangenc.com\/wp-content\/uploads\/2017\/02\/gglogo.png","contentUrl":"https:\/\/gurkangenc.com\/wp-content\/uploads\/2017\/02\/gglogo.png","width":208,"height":29,"caption":"G\u00fcrkan Gen\u00e7"},"logo":{"@id":"https:\/\/gurkangenc.com\/#\/schema\/person\/image\/"},"description":"Bisikleti ile uluslararas\u0131 geziler yapan, macerac\u0131, blog yazar\u0131 , amat\u00f6r foto\u011fraf\u00e7\u0131, konu\u015fmac\u0131, giri\u015fimci gezgin.","sameAs":["http:\/\/www.gurkangenc.com","https:\/\/www.facebook.com\/GurkanGENCpedallaR","https:\/\/www.instagram.com\/gurkangencc\/","https:\/\/x.com\/https:\/\/twitter.com\/Gurkan_Genc","https:\/\/www.youtube.com\/user\/Atomicgmac"]}]}},"_links":{"self":[{"href":"https:\/\/gurkangenc.com\/en\/wp-json\/wp\/v2\/pages\/47735","targetHints":{"allow":["GET"]}}],"collection":[{"href":"https:\/\/gurkangenc.com\/en\/wp-json\/wp\/v2\/pages"}],"about":[{"href":"https:\/\/gurkangenc.com\/en\/wp-json\/wp\/v2\/types\/page"}],"author":[{"embeddable":true,"href":"https:\/\/gurkangenc.com\/en\/wp-json\/wp\/v2\/users\/1"}],"replies":[{"embeddable":true,"href":"https:\/\/gurkangenc.com\/en\/wp-json\/wp\/v2\/comments?post=47735"}],"version-history":[{"count":2,"href":"https:\/\/gurkangenc.com\/en\/wp-json\/wp\/v2\/pages\/47735\/revisions"}],"predecessor-version":[{"id":47737,"href":"https:\/\/gurkangenc.com\/en\/wp-json\/wp\/v2\/pages\/47735\/revisions\/47737"}],"wp:attachment":[{"href":"https:\/\/gurkangenc.com\/en\/wp-json\/wp\/v2\/media?parent=47735"}],"curies":[{"name":"wp","href":"https:\/\/api.w.org\/{rel}","templated":true}]}}